{"id":3356,"date":"2025-05-12T15:47:35","date_gmt":"2025-05-13T01:47:35","guid":{"rendered":"https:\/\/www.keakua.art\/your-opinion-matters\/"},"modified":"2025-08-29T16:39:13","modified_gmt":"2025-08-30T02:39:13","slug":"your-opinion-matters","status":"publish","type":"page","link":"https:\/\/www.keakua.art\/en\/your-opinion-matters\/","title":{"rendered":"Your opinion matters"},"content":{"rendered":"\t\t<div data-elementor-type=\"wp-page\" data-elementor-id=\"3356\" class=\"elementor elementor-3356 elementor-3076\" wpc-filter-elementor-widget=\"1\" data-elementor-post-type=\"page\">\n\t\t\t\t<div class=\"elementor-element elementor-element-6e9146d e-con-full e-flex e-con e-parent\" data-id=\"6e9146d\" data-element_type=\"container\" data-e-type=\"container\" data-settings=\"{&quot;background_background&quot;:&quot;classic&quot;}\">\n\t\t<div class=\"elementor-element elementor-element-e8fc0cb e-con-full e-flex e-con e-child\" data-id=\"e8fc0cb\" data-element_type=\"container\" data-e-type=\"container\">\n\t\t<div class=\"elementor-element elementor-element-7f49735 e-con-full e-flex e-con e-child\" data-id=\"7f49735\" data-element_type=\"container\" data-e-type=\"container\">\n\t\t\t\t<div class=\"elementor-element elementor-element-80fecd2 animation_type_block sc_fly_static elementor-widget elementor-widget-heading\" data-id=\"80fecd2\" data-element_type=\"widget\" data-e-type=\"widget\" data-widget_type=\"heading.default\">\n\t\t\t\t<div class=\"elementor-widget-container\">\n\t\t\t\t\t<h1 class=\"elementor-heading-title elementor-size-default\">Your opinion matters<\/h1>\t\t\t\t<\/div>\n\t\t\t\t<\/div>\n\t\t\t\t<div class=\"elementor-element elementor-element-2057b8d animation_type_block sc_fly_static elementor-widget elementor-widget-shortcode\" data-id=\"2057b8d\" data-element_type=\"widget\" data-e-type=\"widget\" data-widget_type=\"shortcode.default\">\n\t\t\t\t<div class=\"elementor-widget-container\">\n\t\t\t\t\t\t\t<div class=\"elementor-shortcode\"><div class=\"shortcode-site-reviews-summary\"><div class=\"glsr glsr-default\" id=\"glsr_gcvjwu2r\" data-from=\"shortcode\" data-shortcode=\"site_reviews_summary\" data-hide=\"bars,summary\"><div class=\"glsr-summary-wrap\">\n    <div class=\"glsr-summary\">\n        <div class=\"glsr-summary-rating\"><span class=\"glsr-tag-value\">5.0<\/span><\/div>\n        <div class=\"glsr-summary-stars\"><div class=\"glsr-star-rating glsr-stars\" role=\"img\" aria-label=\"Rated 5 out of 5 stars based on 291 ratings\" data-rating=\"5\" data-reviews=\"291\"><span class=\"glsr-star glsr-star-full\" aria-hidden=\"true\"><\/span><span class=\"glsr-star glsr-star-full\" aria-hidden=\"true\"><\/span><span class=\"glsr-star glsr-star-full\" aria-hidden=\"true\"><\/span><span class=\"glsr-star glsr-star-full\" aria-hidden=\"true\"><\/span><span class=\"glsr-star glsr-star-full\" aria-hidden=\"true\"><\/span><\/div><\/div>\n        \n        \n    <\/div>\n<\/div><\/div><\/div><\/div>\n\t\t\t\t\t\t<\/div>\n\t\t\t\t<\/div>\n\t\t\t\t<\/div>\n\t\t<div class=\"elementor-element elementor-element-45ca9e4 e-con-full e-flex e-con e-child\" data-id=\"45ca9e4\" data-element_type=\"container\" data-e-type=\"container\">\n\t\t<div class=\"elementor-element elementor-element-14c44a0 e-con-full e-flex e-con e-child\" data-id=\"14c44a0\" data-element_type=\"container\" data-e-type=\"container\">\n\t\t<div class=\"elementor-element elementor-element-e8cd153 e-con-full e-flex e-con e-child\" data-id=\"e8cd153\" data-element_type=\"container\" data-e-type=\"container\" data-settings=\"{&quot;background_background&quot;:&quot;classic&quot;}\">\n\t\t\t\t<div class=\"elementor-element elementor-element-763b509 elementor-button-align-stretch animation_type_block sc_fly_static elementor-widget elementor-widget-site_reviews_form\" data-id=\"763b509\" data-element_type=\"widget\" data-e-type=\"widget\" data-widget_type=\"site_reviews_form.default\">\n\t\t\t\t<div class=\"elementor-widget-container\">\n\t\t\t\t\t<?xml encoding=\"utf-8\"?><div class=\"glsr-elementor-763 elementor-207b509 elementor-site-reviews-form\"><div class=\"glsr glsr-default\" id=\"glsr_kqxkqwlv\" data-from=\"elementor\" data-shortcode=\"site_reviews_form\" data-assigned_posts=\"3356,3076\" data-hide=\"terms,title\"><div class=\"glsr-form-wrap\">\n    <form class=\"glsr-form glsr-review-form\" method=\"post\" enctype=\"multipart\/form-data\">\n        <input type=\"hidden\" name=\"site-reviews[_action]\" value=\"submit-review\">\n<input type=\"hidden\" name=\"site-reviews[_nonce]\" value=\"fae1dc2a4c\">\n<input type=\"hidden\" name=\"site-reviews[_post_id]\" value=\"3356\">\n<input type=\"hidden\" name=\"site-reviews[_referer]\" value=\"\">\n<input type=\"hidden\" name=\"site-reviews[assigned_posts]\" value=\"3356,3076\">\n<input type=\"hidden\" name=\"site-reviews[assigned_terms]\" value=\"\">\n<input type=\"hidden\" name=\"site-reviews[assigned_users]\" value=\"\">\n<input type=\"hidden\" name=\"site-reviews[excluded]\" value=\"terms, title\">\n<input type=\"hidden\" name=\"site-reviews[form_id]\" value=\"glsr_kqxkqwlv\">\n<input type=\"hidden\" name=\"site-reviews[form_signature]\" value=\"R_7dekYfjTrCyp8z8Zswc6CGrr0vJ1S5OislxDPQug7A_xxFkuppJnwQreMw60ZOBLj3mZU3sHBdrn5s_h_PwrhhiiCnv4m8-gDnWhv5lKP5aKoO2urHpxex-1g_Zna98EO7Ke45NrWMsvm6JrOdUJuD5Wz8q-qGTmx-M1Gfz3AF78qRFu5eNwpK9IwJq35vCRd2hvkm0rwctkLpNbH0JzLYZgA_jDmtwaY4NhxBgqwFSr5CX7D0LTrN17ytQ1EPC8T6Mrk8_TkRdEl5jgEMmhXVsE4JR3B8bh9iHO0dQPqGsOWTADujWasHmw1HjDDb3tIVeia603tNXn7gGOzs6cCIOtq99oILf8v8cDo2F-ERnOfphvL10HiC3TValBdL3DM7wU9g98sbE6ZwAIgdBWJ8KOE-b82NMXETXQJ5R3MpoVK01BmNyMz90kMXYrSlmMzmQKQfZZg-hzSYOx9bTvC9\">\n<input type=\"hidden\" name=\"site-reviews[terms_exist]\" value=\"0\">\n<div class=\"glsr-field\" style=\"display:none;\"><label for=\"site-reviews-b3f36132-glsr_kqxkqwlv\">Vos appr&eacute;ciations sur votre exp&eacute;rience chez Kea Kua Art<\/label><input type=\"text\" class=\"glsr-input glsr-input-text\" id=\"site-reviews-b3f36132-glsr_kqxkqwlv\" name=\"site-reviews[b3f36132]\" value=\"\"><\/div>\n<div class=\"glsr-field glsr-field-rating glsr-required\" data-field=\"rating\" data-type=\"rating\">\n    <label class=\"glsr-label\" for=\"glsr_kqxkqwlv-rating\">\n    <span>Votre note<\/span>\n<\/label>\n    <select class=\"browser-default disable-select glsr-select no-wrap no_wrap\" id=\"glsr_kqxkqwlv-rating\" name=\"site-reviews[rating]\" required><option value=\"\">Select a Rating<\/option><option value=\"5\">5 Stars<\/option><option value=\"4\">4 Stars<\/option><option value=\"3\">3 Stars<\/option><option value=\"2\">2 Stars<\/option><option value=\"1\">1 Star<\/option><\/select>\n    <div class=\"glsr-field-error\"><\/div>\n<\/div>\n<div class=\"glsr-field glsr-field-textarea glsr-required\" data-field=\"content\" data-type=\"textarea\">\n    <label class=\"glsr-label\" for=\"glsr_kqxkqwlv-content\">\n    <span>Vos appr&eacute;ciations sur votre exp&eacute;rience chez Kea Kua Art<\/span>\n<\/label>\n    <textarea class=\"glsr-textarea\" id=\"glsr_kqxkqwlv-content\" name=\"site-reviews[content]\" required placeholder=\"Tell people your review\" rows=\"5\"><\/textarea>\n    <div class=\"glsr-field-error\"><\/div>\n<\/div>\n<div class=\"glsr-field glsr-field-text glsr-required\" data-field=\"name\" data-type=\"text\">\n    <label class=\"glsr-label\" for=\"glsr_kqxkqwlv-name\">\n    <span>Your name<\/span>\n<\/label>\n    <input type=\"text\" class=\"glsr-input glsr-input-text\" id=\"glsr_kqxkqwlv-name\" name=\"site-reviews[name]\" required placeholder=\"Tell us your name\" value=\"\">\n    <div class=\"glsr-field-error\"><\/div>\n<\/div>\n<div class=\"glsr-field glsr-field-email glsr-required\" data-field=\"email\" data-type=\"email\">\n    <label class=\"glsr-label\" for=\"glsr_kqxkqwlv-email\">\n    <span>Your email<\/span>\n<\/label>\n    <input type=\"email\" class=\"glsr-input glsr-input-email\" id=\"glsr_kqxkqwlv-email\" name=\"site-reviews[email]\" required placeholder=\"Tell us your email\" value=\"\">\n    <div class=\"glsr-field-error\"><\/div>\n<\/div>\n        <div class=\"glsr-form-message\">\n    \n<\/div>\n        <div data-field=\"submit-button\">\n    <div class=\"wp-block-buttons is-layout-flex\">\n        <div class=\"wp-block-button\">\n            <button type=\"submit\" class=\"glsr-button wp-block-button__link wp-element-button\" aria-busy=\"false\" data-loading=\"Confirmation, en cours...\">Submit Review<\/button>\n        <\/div>\n    <\/div>\n<\/div><div class=\"glsr-captcha-holder\"><\/div>\n    <\/form>\n<\/div><\/div><\/div>\n\t\t\t\t<\/div>\n\t\t\t\t<\/div>\n\t\t\t\t<\/div>\n\t\t\t\t<\/div>\n\t\t<div class=\"elementor-element elementor-element-34745db e-con-full e-flex e-con e-child\" data-id=\"34745db\" data-element_type=\"container\" data-e-type=\"container\">\n\t\t\t\t<div class=\"elementor-element elementor-element-30eed8b animation_type_block sc_fly_static elementor-widget elementor-widget-shortcode\" data-id=\"30eed8b\" data-element_type=\"widget\" data-e-type=\"widget\" data-widget_type=\"shortcode.default\">\n\t\t\t\t<div class=\"elementor-widget-container\">\n\t\t\t\t\t\t\t<div class=\"elementor-shortcode\"><div class=\"shortcode-site-reviews\"><div class=\"glsr glsr-default\" id=\"glsr_1llkvjub\" data-from=\"shortcode\" data-shortcode=\"site_reviews\" data-display=\"4\" data-pagination=\"ajax\"><div class=\"glsr-reviews-wrap\">\n    <div class=\"glsr-reviews\">\n        <div class=\"glsr-review\" data-id=\"7513\" data-type=\"local\" id=\"review-7513\" data-assigned='[]'>\n    <div class=\"glsr-review-title\"><h4 class=\"glsr-tag-value\">No Title<\/h4><\/div>\n    <div class=\"glsr-review-rating\"><div class=\"glsr-star-rating glsr-stars\" role=\"img\" aria-label=\"Rated 5 out of 5 stars\" data-rating=\"5\" data-reviews=\"0\"><span class=\"glsr-star glsr-star-full\" aria-hidden=\"true\"><\/span><span class=\"glsr-star glsr-star-full\" aria-hidden=\"true\"><\/span><span class=\"glsr-star glsr-star-full\" aria-hidden=\"true\"><\/span><span class=\"glsr-star glsr-star-full\" aria-hidden=\"true\"><\/span><span class=\"glsr-star glsr-star-full\" aria-hidden=\"true\"><\/span><\/div><\/div> <div class=\"glsr-review-date\"><span class=\"glsr-tag-value\">27 March 2026<\/span><\/div>\n    \n    <div class=\"glsr-review-content\"><div class=\"glsr-tag-value\" data-expanded=\"false\"><p>You have an incredible collection! Thank you for showing it with us!<\/p><\/div><\/div>\n    \n    <div class=\"glsr-review-author\"><span class=\"glsr-tag-value\">D. & V.<\/span><\/div>  \n    \n<\/div>\n<div class=\"glsr-review\" data-id=\"7511\" data-type=\"local\" id=\"review-7511\" data-assigned='[]'>\n    <div class=\"glsr-review-title\"><h4 class=\"glsr-tag-value\">No Title<\/h4><\/div>\n    <div class=\"glsr-review-rating\"><div class=\"glsr-star-rating glsr-stars\" role=\"img\" aria-label=\"Rated 5 out of 5 stars\" data-rating=\"5\" data-reviews=\"0\"><span class=\"glsr-star glsr-star-full\" aria-hidden=\"true\"><\/span><span class=\"glsr-star glsr-star-full\" aria-hidden=\"true\"><\/span><span class=\"glsr-star glsr-star-full\" aria-hidden=\"true\"><\/span><span class=\"glsr-star glsr-star-full\" aria-hidden=\"true\"><\/span><span class=\"glsr-star glsr-star-full\" aria-hidden=\"true\"><\/span><\/div><\/div> <div class=\"glsr-review-date\"><span class=\"glsr-tag-value\">26 March 2026<\/span><\/div>\n    \n    <div class=\"glsr-review-content\"><div class=\"glsr-tag-value\" data-expanded=\"false\"><p>L&#8217;art \u00e9l\u00e8ve l&#8217;\u00e2me dit-on et c&#8217;est r\u00e9ussi dans ce lieu. Merci pour ce cadeau Merci pour l&#8217;accueil.<\/p><\/div><\/div>\n    \n    <div class=\"glsr-review-author\"><span class=\"glsr-tag-value\">Mireille<\/span><\/div>  \n    \n<\/div>\n<div class=\"glsr-review\" data-id=\"7508\" data-type=\"local\" id=\"review-7508\" data-assigned='[]'>\n    <div class=\"glsr-review-title\"><h4 class=\"glsr-tag-value\">No Title<\/h4><\/div>\n    <div class=\"glsr-review-rating\"><div class=\"glsr-star-rating glsr-stars\" role=\"img\" aria-label=\"Rated 5 out of 5 stars\" data-rating=\"5\" data-reviews=\"0\"><span class=\"glsr-star glsr-star-full\" aria-hidden=\"true\"><\/span><span class=\"glsr-star glsr-star-full\" aria-hidden=\"true\"><\/span><span class=\"glsr-star glsr-star-full\" aria-hidden=\"true\"><\/span><span class=\"glsr-star glsr-star-full\" aria-hidden=\"true\"><\/span><span class=\"glsr-star glsr-star-full\" aria-hidden=\"true\"><\/span><\/div><\/div> <div class=\"glsr-review-date\"><span class=\"glsr-tag-value\">24 March 2026<\/span><\/div>\n    \n    <div class=\"glsr-review-content\"><div class=\"glsr-tag-value\" data-expanded=\"false\"><p>Merci pour ce tour et tr\u00e8s bonnes explications. Magnifique galerie, on en a pris plein la vue! Merci Guillaume<\/p><\/div><\/div>\n    \n    <div class=\"glsr-review-author\"><span class=\"glsr-tag-value\">Alice & Henri<\/span><\/div>  \n    \n<\/div>\n<div class=\"glsr-review\" data-id=\"7437\" data-type=\"local\" id=\"review-7437\" data-assigned='[]'>\n    <div class=\"glsr-review-title\"><h4 class=\"glsr-tag-value\">No Title<\/h4><\/div>\n    <div class=\"glsr-review-rating\"><div class=\"glsr-star-rating glsr-stars\" role=\"img\" aria-label=\"Rated 5 out of 5 stars\" data-rating=\"5\" data-reviews=\"0\"><span class=\"glsr-star glsr-star-full\" aria-hidden=\"true\"><\/span><span class=\"glsr-star glsr-star-full\" aria-hidden=\"true\"><\/span><span class=\"glsr-star glsr-star-full\" aria-hidden=\"true\"><\/span><span class=\"glsr-star glsr-star-full\" aria-hidden=\"true\"><\/span><span class=\"glsr-star glsr-star-full\" aria-hidden=\"true\"><\/span><\/div><\/div> <div class=\"glsr-review-date\"><span class=\"glsr-tag-value\">17 March 2026<\/span><\/div>\n    \n    <div class=\"glsr-review-content\"><div class=\"glsr-tag-value\" data-expanded=\"false\"><p>Such a beautiful collection! And very calming in the museum area. Thank you for sharing your artistry!<\/p><\/div><\/div>\n    \n    <div class=\"glsr-review-author\"><span class=\"glsr-tag-value\">jhon<\/span><\/div>  \n    \n<\/div>\n    <\/div>\n    <div class=\"glsr-pagination glsr-ajax-pagination\" data-class=\"glsr glsr-default\" data-display=\"4\" data-id=\"glsr_1llkvjub\" data-pagination=\"ajax\"><div class=\"pagination\">\n    <nav class=\"navigation\" role=\"navigation\">\n        <h2 class=\"screen-reader-text\">Site Reviews navigation<\/h2>\n        <div class=\"nav-links\">\n            <span class=\"page-numbers current\" aria-current=\"page\" data-page=\"1\"><span class=\"meta-nav screen-reader-text\">Page <\/span>1<\/span>\n<a class=\"page-numbers\" data-page=\"2\" href=\"https:\/\/www.keakua.art\/en\/your-opinion-matters\/?reviews-page=2\"><span class=\"meta-nav screen-reader-text\">Page <\/span>2<\/a>\n<a class=\"page-numbers\" data-page=\"3\" href=\"https:\/\/www.keakua.art\/en\/your-opinion-matters\/?reviews-page=3\"><span class=\"meta-nav screen-reader-text\">Page <\/span>3<\/a>\n<span class=\"page-numbers dots\">&hellip;<\/span>\n<a class=\"page-numbers\" data-page=\"73\" href=\"https:\/\/www.keakua.art\/en\/your-opinion-matters\/?reviews-page=73\"><span class=\"meta-nav screen-reader-text\">Page <\/span>73<\/a>\n<a class=\"page-numbers next\" data-page=\"2\" href=\"https:\/\/www.keakua.art\/en\/your-opinion-matters\/?reviews-page=2\">Next<\/a>\n        <\/div>\n    <\/nav>\n<\/div><\/div>\n<\/div><\/div><\/div><\/div>\n\t\t\t\t\t\t<\/div>\n\t\t\t\t<\/div>\n\t\t\t\t<\/div>\n\t\t\t\t<\/div>\n\t\t\t\t<\/div>\n\t\t\t\t<\/div>\n\t\t\t\t<\/div>\n\t\t","protected":false},"excerpt":{"rendered":"<p>Your opinion matters Vos appr\u00e9ciations sur votre exp\u00e9rience chez Kea Kua Art Votre note S\u00e9lectionnez une note5 \u00e9toiles4 \u00e9toiles3 \u00e9toiles2 \u00e9toiles1 \u00e9toile Vos appr\u00e9ciations sur votre exp\u00e9rience chez Kea Kua Art Votre nom Votre e-mail Envoyer un avis<\/p>\n","protected":false},"author":1,"featured_media":0,"parent":0,"menu_order":0,"comment_status":"closed","ping_status":"closed","template":"","meta":{"_glsr_average":0,"_glsr_ranking":0,"_glsr_reviews":0,"footnotes":""},"class_list":["post-3356","page","type-page","status-publish","hentry"],"_links":{"self":[{"href":"https:\/\/www.keakua.art\/en\/wp-json\/wp\/v2\/pages\/3356","targetHints":{"allow":["GET"]}}],"collection":[{"href":"https:\/\/www.keakua.art\/en\/wp-json\/wp\/v2\/pages"}],"about":[{"href":"https:\/\/www.keakua.art\/en\/wp-json\/wp\/v2\/types\/page"}],"author":[{"embeddable":true,"href":"https:\/\/www.keakua.art\/en\/wp-json\/wp\/v2\/users\/1"}],"replies":[{"embeddable":true,"href":"https:\/\/www.keakua.art\/en\/wp-json\/wp\/v2\/comments?post=3356"}],"version-history":[{"count":7,"href":"https:\/\/www.keakua.art\/en\/wp-json\/wp\/v2\/pages\/3356\/revisions"}],"predecessor-version":[{"id":4378,"href":"https:\/\/www.keakua.art\/en\/wp-json\/wp\/v2\/pages\/3356\/revisions\/4378"}],"wp:attachment":[{"href":"https:\/\/www.keakua.art\/en\/wp-json\/wp\/v2\/media?parent=3356"}],"curies":[{"name":"wp","href":"https:\/\/api.w.org\/{rel}","templated":true}]}}